{"id":1117,"date":"2020-12-31T13:27:33","date_gmt":"2020-12-31T13:27:33","guid":{"rendered":"http:\/\/dudetable.com\/who-are-we\/"},"modified":"2021-01-18T08:41:58","modified_gmt":"2021-01-18T08:41:58","slug":"who-are-we","status":"publish","type":"page","link":"https:\/\/dudetable.com\/en\/who-are-we\/","title":{"rendered":"Who are we ?"},"content":{"rendered":"<div class=\"wpb-content-wrapper\"><p><span data-mce-type=\"bookmark\" style=\"display: inline-block; width: 0px; overflow: hidden; line-height: 0;\" class=\"mce_SELRES_start\">\ufeff<\/span>[vc_row css_animation=&#8221;&#8221; row_type=&#8221;row&#8221; use_row_as_full_screen_section=&#8221;no&#8221; type=&#8221;grid&#8221; angled_section=&#8221;no&#8221; text_align=&#8221;left&#8221; background_image_as_pattern=&#8221;without_pattern&#8221; z_index=&#8221;&#8221;][vc_column][vc_empty_space height=&#8221;50px&#8221;][\/vc_column][\/vc_row]<span data-mce-type=\"bookmark\" style=\"display: inline-block; width: 0px; overflow: hidden; line-height: 0;\" class=\"mce_SELRES_end\">\ufeff<\/span>[vc_row css_animation=&#8221;&#8221; row_type=&#8221;row&#8221; use_row_as_full_screen_section=&#8221;no&#8221; type=&#8221;grid&#8221; angled_section=&#8221;no&#8221; text_align=&#8221;left&#8221; background_image_as_pattern=&#8221;without_pattern&#8221; z_index=&#8221;&#8221; el_id=&#8221;biz-kimiz-metin&#8221;][vc_column][vc_column_text]<\/p>\n<h2 id=\"ContentPlaceHolderIcerik_pageName\" style=\"text-align: left;\">WHO ARE WE?<\/h2>\n<p>[\/vc_column_text][vc_empty_space][vc_column_text]<\/p>\n<h3><span style=\"color: #000000;\">CREATIVITY \u2013 FOOD \u2013 COMMUNITY \u2013 MARKETING<\/span><\/h3>\n<p>[\/vc_column_text][vc_empty_space][vc_column_text]<\/p>\n<h4><span style=\"color: #000000;\">One &amp; Only Gastronomy Marketing Agency In Turkey<\/span><\/h4>\n<p>[\/vc_column_text][\/vc_column][\/vc_row][vc_row css_animation=&#8221;&#8221; row_type=&#8221;row&#8221; use_row_as_full_screen_section=&#8221;no&#8221; type=&#8221;grid&#8221; angled_section=&#8221;no&#8221; text_align=&#8221;left&#8221; background_image_as_pattern=&#8221;without_pattern&#8221; z_index=&#8221;&#8221;][vc_column width=&#8221;1\/2&#8243;][vc_empty_space][vc_column_text]<span style=\"color: #000000;\">We are a food &amp; beverage marketing agency with the expertise of gastronomy communication and gastronomy design. We realize the needs of brands in channel development, brand value creation and sales with an integrated marketing focus of PR, digital solutions, event solutions and design solutions.<\/span>[\/vc_column_text][vc_empty_space][vc_column_text]<span style=\"color: #000000;\">Our company established in 1991, started its integrated marketing services in the gastronomy sector with the Restaurant Week project in 2009. With Restaurant Week project, our founder Funda G\u00fczelmeri\u00e7 \u0130nansal has created a volume for the restaurant sector which witnessed the decline in business volume due to the economic crisis. With Restaurant Week project, was organized for the 10th time last year, Funda G\u00fczelmeri\u00e7 has been expanding her team and providing integrated marketing services to the most important food and beverage companies in Turkey with her agency, Dude Table.<\/span>[\/vc_column_text][\/vc_column][vc_column width=&#8221;1\/2&#8243;][vc_empty_space][vc_single_image image=&#8221;1106&#8243; img_size=&#8221;full&#8221; qode_css_animation=&#8221;&#8221;][\/vc_column][\/vc_row][vc_row css_animation=&#8221;&#8221; row_type=&#8221;row&#8221; use_row_as_full_screen_section=&#8221;no&#8221; type=&#8221;grid&#8221; angled_section=&#8221;no&#8221; text_align=&#8221;left&#8221; background_image_as_pattern=&#8221;without_pattern&#8221; z_index=&#8221;&#8221;][vc_column width=&#8221;1\/2&#8243;][vc_empty_space][vc_single_image image=&#8221;1107&#8243; img_size=&#8221;full&#8221; qode_css_animation=&#8221;&#8221;][\/vc_column][vc_column width=&#8221;1\/2&#8243;][vc_empty_space][vc_column_text]<span style=\"color: #000000;\">Merve Akg\u00fcl, our company manager who develops the new generation methods and new areas at Dude Table, and our founder Funda G\u00fczelmeri\u00e7 continue to work on integrating the developing new generation economy into the food and beverage sector.<\/span>[\/vc_column_text][vc_empty_space][vc_column_text]<span style=\"color: #000000;\">We are the first in food and beverage sector by approaching the demands of the companies not with problem-oriented methodologies but with target-audience need oriented solutions. Our work also develops with creativity.<\/span>[\/vc_column_text][vc_empty_space][vc_column_text]<span style=\"color: #000000;\">Our stakeholders with whom we work are indispensable for us. We are working with chefs, restaurant owners, baristas, bartenders, sommeliers, producers, foreign industry experts, Michelin-starred chefs and beverage specialists.<\/span>[\/vc_column_text][\/vc_column][\/vc_row][vc_row css_animation=&#8221;&#8221; row_type=&#8221;row&#8221; use_row_as_full_screen_section=&#8221;no&#8221; type=&#8221;grid&#8221; angled_section=&#8221;no&#8221; text_align=&#8221;left&#8221; background_image_as_pattern=&#8221;without_pattern&#8221; z_index=&#8221;&#8221;][vc_column width=&#8221;1\/2&#8243; el_id=&#8221;biz-kimiz-column-3&#8243;][vc_column_text]<span style=\"color: #000000;\">We believe in the 1, 9, 90 rule in communications and WOM. We define ourselves as the 1 that reaches the 9 and those 9 reach the 90.<\/span>[\/vc_column_text][vc_empty_space][vc_column_text]<span style=\"color: #000000;\">In addition to protecting Turkish cuisine and culture with our social responsibility brand called \u201cLocal is Good\u201d, we reflect our own vision on the local festivals such as Ala\u00e7at\u0131 Herb Festival and Bozcaada Local Tastes Festival, as well. Our founder Funda G\u00fczelmeri\u00e7 is one of the founders of \u201cKapadokya Meslek Y\u00fcksekokulu\u201d and leads the team that created the curriculum of the gastronomy department, which was approved by the Y\u00d6K. She is also a founding member of the Creative Children&#8217;s Association.<\/span>[\/vc_column_text][\/vc_column][vc_column width=&#8221;1\/2&#8243;][vc_empty_space][vc_single_image image=&#8221;1108&#8243; img_size=&#8221;full&#8221; qode_css_animation=&#8221;&#8221;][\/vc_column][\/vc_row][vc_row css_animation=&#8221;&#8221; row_type=&#8221;row&#8221; use_row_as_full_screen_section=&#8221;no&#8221; type=&#8221;grid&#8221; angled_section=&#8221;no&#8221; text_align=&#8221;left&#8221; background_image_as_pattern=&#8221;without_pattern&#8221; z_index=&#8221;&#8221;][vc_column][vc_empty_space height=&#8221;50px&#8221;][\/vc_column][\/vc_row]<\/p>\n<\/div>","protected":false},"excerpt":{"rendered":"<p>\ufeff[vc_row css_animation=&#8221;&#8221; row_type=&#8221;row&#8221; use_row_as_full_screen_section=&#8221;no&#8221; type=&#8221;grid&#8221; angled_section=&#8221;no&#8221; text_align=&#8221;left&#8221; background_image_as_pattern=&#8221;without_pattern&#8221; z_index=&#8221;&#8221;][vc_column][vc_empty_space height=&#8221;50px&#8221;][\/vc_column][\/vc_row]\ufeff[vc_row css_animation=&#8221;&#8221; row_type=&#8221;row&#8221; use_row_as_full_screen_section=&#8221;no&#8221; type=&#8221;grid&#8221; angled_section=&#8221;no&#8221; text_align=&#8221;left&#8221; background_image_as_pattern=&#8221;without_pattern&#8221; z_index=&#8221;&#8221; el_id=&#8221;biz-kimiz-metin&#8221;][vc_column][vc_column_text] WHO ARE WE? [\/vc_column_text][vc_empty_space][vc_column_text] CREATIVITY \u2013 FOOD \u2013 COMMUNITY \u2013 MARKETING [\/vc_column_text][vc_empty_space][vc_column_text] One &amp; Only Gastronomy Marketing Agency In Turkey [\/vc_column_text][\/vc_column][\/vc_row][vc_row css_animation=&#8221;&#8221; row_type=&#8221;row&#8221; use_row_as_full_screen_section=&#8221;no&#8221; type=&#8221;grid&#8221; angled_section=&#8221;no&#8221;&#8230;<\/p>\n","protected":false},"author":1,"featured_media":0,"parent":0,"menu_order":0,"comment_status":"closed","ping_status":"closed","template":"full_width.php","meta":{"footnotes":""},"class_list":["post-1117","page","type-page","status-publish","hentry"],"yoast_head":"<!-- This site is optimized with the Yoast SEO plugin v26.6 - https:\/\/yoast.com\/wordpress\/plugins\/seo\/ -->\n<title>Who are we ? - DudeTable<\/title>\n<meta name=\"robots\" content=\"index, follow, max-snippet:-1, max-image-preview:large, max-video-preview:-1\" \/>\n<link rel=\"canonical\" href=\"https:\/\/dudetable.com\/en\/who-are-we\/\" \/>\n<meta property=\"og:locale\" content=\"en_US\" \/>\n<meta property=\"og:type\" content=\"article\" \/>\n<meta property=\"og:title\" content=\"Who are we ? - DudeTable\" \/>\n<meta property=\"og:description\" content=\"\ufeff[vc_row css_animation=&#8221;&#8221; row_type=&#8221;row&#8221; use_row_as_full_screen_section=&#8221;no&#8221; type=&#8221;grid&#8221; angled_section=&#8221;no&#8221; text_align=&#8221;left&#8221; background_image_as_pattern=&#8221;without_pattern&#8221; z_index=&#8221;&#8221;][vc_column][vc_empty_space height=&#8221;50px&#8221;][\/vc_column][\/vc_row]\ufeff[vc_row css_animation=&#8221;&#8221; row_type=&#8221;row&#8221; use_row_as_full_screen_section=&#8221;no&#8221; type=&#8221;grid&#8221; angled_section=&#8221;no&#8221; text_align=&#8221;left&#8221; background_image_as_pattern=&#8221;without_pattern&#8221; z_index=&#8221;&#8221; el_id=&#8221;biz-kimiz-metin&#8221;][vc_column][vc_column_text] WHO ARE WE? [\/vc_column_text][vc_empty_space][vc_column_text] CREATIVITY \u2013 FOOD \u2013 COMMUNITY \u2013 MARKETING [\/vc_column_text][vc_empty_space][vc_column_text] One &amp; Only Gastronomy Marketing Agency In Turkey [\/vc_column_text][\/vc_column][\/vc_row][vc_row css_animation=&#8221;&#8221; row_type=&#8221;row&#8221; use_row_as_full_screen_section=&#8221;no&#8221; type=&#8221;grid&#8221; angled_section=&#8221;no&#8221;...\" \/>\n<meta property=\"og:url\" content=\"https:\/\/dudetable.com\/en\/who-are-we\/\" \/>\n<meta property=\"og:site_name\" content=\"DudeTable\" \/>\n<meta property=\"article:modified_time\" content=\"2021-01-18T08:41:58+00:00\" \/>\n<meta name=\"twitter:card\" content=\"summary_large_image\" \/>\n<meta name=\"twitter:label1\" content=\"Est. reading time\" \/>\n\t<meta name=\"twitter:data1\" content=\"4 minutes\" \/>\n<script type=\"application\/ld+json\" class=\"yoast-schema-graph\">{\"@context\":\"https:\/\/schema.org\",\"@graph\":[{\"@type\":\"WebPage\",\"@id\":\"https:\/\/dudetable.com\/en\/who-are-we\/\",\"url\":\"https:\/\/dudetable.com\/en\/who-are-we\/\",\"name\":\"Who are we ? - DudeTable\",\"isPartOf\":{\"@id\":\"https:\/\/dudetable.com\/#website\"},\"datePublished\":\"2020-12-31T13:27:33+00:00\",\"dateModified\":\"2021-01-18T08:41:58+00:00\",\"breadcrumb\":{\"@id\":\"https:\/\/dudetable.com\/en\/who-are-we\/#breadcrumb\"},\"inLanguage\":\"en-US\",\"potentialAction\":[{\"@type\":\"ReadAction\",\"target\":[\"https:\/\/dudetable.com\/en\/who-are-we\/\"]}]},{\"@type\":\"BreadcrumbList\",\"@id\":\"https:\/\/dudetable.com\/en\/who-are-we\/#breadcrumb\",\"itemListElement\":[{\"@type\":\"ListItem\",\"position\":1,\"name\":\"Home\",\"item\":\"https:\/\/dudetable.com\/en\/\"},{\"@type\":\"ListItem\",\"position\":2,\"name\":\"Who are we ?\"}]},{\"@type\":\"WebSite\",\"@id\":\"https:\/\/dudetable.com\/#website\",\"url\":\"https:\/\/dudetable.com\/\",\"name\":\"DudeTable\",\"description\":\"T\u00fcrkiye&#039;nin Tek Gastronomi Pazarlama Ajans\u0131\",\"potentialAction\":[{\"@type\":\"SearchAction\",\"target\":{\"@type\":\"EntryPoint\",\"urlTemplate\":\"https:\/\/dudetable.com\/?s={search_term_string}\"},\"query-input\":{\"@type\":\"PropertyValueSpecification\",\"valueRequired\":true,\"valueName\":\"search_term_string\"}}],\"inLanguage\":\"en-US\"}]}<\/script>\n<!-- \/ Yoast SEO plugin. -->","yoast_head_json":{"title":"Who are we ? - DudeTable","robots":{"index":"index","follow":"follow","max-snippet":"max-snippet:-1","max-image-preview":"max-image-preview:large","max-video-preview":"max-video-preview:-1"},"canonical":"https:\/\/dudetable.com\/en\/who-are-we\/","og_locale":"en_US","og_type":"article","og_title":"Who are we ? - DudeTable","og_description":"\ufeff[vc_row css_animation=&#8221;&#8221; row_type=&#8221;row&#8221; use_row_as_full_screen_section=&#8221;no&#8221; type=&#8221;grid&#8221; angled_section=&#8221;no&#8221; text_align=&#8221;left&#8221; background_image_as_pattern=&#8221;without_pattern&#8221; z_index=&#8221;&#8221;][vc_column][vc_empty_space height=&#8221;50px&#8221;][\/vc_column][\/vc_row]\ufeff[vc_row css_animation=&#8221;&#8221; row_type=&#8221;row&#8221; use_row_as_full_screen_section=&#8221;no&#8221; type=&#8221;grid&#8221; angled_section=&#8221;no&#8221; text_align=&#8221;left&#8221; background_image_as_pattern=&#8221;without_pattern&#8221; z_index=&#8221;&#8221; el_id=&#8221;biz-kimiz-metin&#8221;][vc_column][vc_column_text] WHO ARE WE? [\/vc_column_text][vc_empty_space][vc_column_text] CREATIVITY \u2013 FOOD \u2013 COMMUNITY \u2013 MARKETING [\/vc_column_text][vc_empty_space][vc_column_text] One &amp; Only Gastronomy Marketing Agency In Turkey [\/vc_column_text][\/vc_column][\/vc_row][vc_row css_animation=&#8221;&#8221; row_type=&#8221;row&#8221; use_row_as_full_screen_section=&#8221;no&#8221; type=&#8221;grid&#8221; angled_section=&#8221;no&#8221;...","og_url":"https:\/\/dudetable.com\/en\/who-are-we\/","og_site_name":"DudeTable","article_modified_time":"2021-01-18T08:41:58+00:00","twitter_card":"summary_large_image","twitter_misc":{"Est. reading time":"4 minutes"},"schema":{"@context":"https:\/\/schema.org","@graph":[{"@type":"WebPage","@id":"https:\/\/dudetable.com\/en\/who-are-we\/","url":"https:\/\/dudetable.com\/en\/who-are-we\/","name":"Who are we ? - DudeTable","isPartOf":{"@id":"https:\/\/dudetable.com\/#website"},"datePublished":"2020-12-31T13:27:33+00:00","dateModified":"2021-01-18T08:41:58+00:00","breadcrumb":{"@id":"https:\/\/dudetable.com\/en\/who-are-we\/#breadcrumb"},"inLanguage":"en-US","potentialAction":[{"@type":"ReadAction","target":["https:\/\/dudetable.com\/en\/who-are-we\/"]}]},{"@type":"BreadcrumbList","@id":"https:\/\/dudetable.com\/en\/who-are-we\/#breadcrumb","itemListElement":[{"@type":"ListItem","position":1,"name":"Home","item":"https:\/\/dudetable.com\/en\/"},{"@type":"ListItem","position":2,"name":"Who are we ?"}]},{"@type":"WebSite","@id":"https:\/\/dudetable.com\/#website","url":"https:\/\/dudetable.com\/","name":"DudeTable","description":"T\u00fcrkiye&#039;nin Tek Gastronomi Pazarlama Ajans\u0131","potentialAction":[{"@type":"SearchAction","target":{"@type":"EntryPoint","urlTemplate":"https:\/\/dudetable.com\/?s={search_term_string}"},"query-input":{"@type":"PropertyValueSpecification","valueRequired":true,"valueName":"search_term_string"}}],"inLanguage":"en-US"}]}},"_links":{"self":[{"href":"https:\/\/dudetable.com\/en\/wp-json\/wp\/v2\/pages\/1117","targetHints":{"allow":["GET"]}}],"collection":[{"href":"https:\/\/dudetable.com\/en\/wp-json\/wp\/v2\/pages"}],"about":[{"href":"https:\/\/dudetable.com\/en\/wp-json\/wp\/v2\/types\/page"}],"author":[{"embeddable":true,"href":"https:\/\/dudetable.com\/en\/wp-json\/wp\/v2\/users\/1"}],"replies":[{"embeddable":true,"href":"https:\/\/dudetable.com\/en\/wp-json\/wp\/v2\/comments?post=1117"}],"version-history":[{"count":4,"href":"https:\/\/dudetable.com\/en\/wp-json\/wp\/v2\/pages\/1117\/revisions"}],"predecessor-version":[{"id":1199,"href":"https:\/\/dudetable.com\/en\/wp-json\/wp\/v2\/pages\/1117\/revisions\/1199"}],"wp:attachment":[{"href":"https:\/\/dudetable.com\/en\/wp-json\/wp\/v2\/media?parent=1117"}],"curies":[{"name":"wp","href":"https:\/\/api.w.org\/{rel}","templated":true}]}}